{"id":368,"date":"2021-02-27T21:00:44","date_gmt":"2021-02-27T20:00:44","guid":{"rendered":"https:\/\/reiki73.fr\/?page_id=368"},"modified":"2022-03-24T15:04:59","modified_gmt":"2022-03-24T14:04:59","slug":"une-seance-a-distance","status":"publish","type":"page","link":"https:\/\/reiki73.fr\/index.php\/une-seance-a-distance\/","title":{"rendered":"Une s\u00e9ance \u00e0 distance"},"content":{"rendered":"\n<p id=\"block-31ff8d9a-bfe9-4e20-8467-1066b3069c0b\">Le Reiki et les soins \u00e9nerg\u00e9tiques sont des traitements pour lesquels le patient et le praticien n\u2019ont pas besoin de se trouver dans la m\u00eame pi\u00e8ce. C\u2019est pour cette raison qu\u2019on parle de Reiki, de soins, \u00e0 distance. Le praticien, sans \u00eatre dans la m\u00eame pi\u00e8ce que le patient, met \u00e0 sa disposition l\u2019\u00e9nergie dont il a besoin.<\/p>\n\n\n\n<p id=\"block-6838366a-d780-476d-b254-7c4cbc903b83\">Les soins \u00e0 distance sont destin\u00e9s aux personnes qui ne vont pas pouvoir se d\u00e9placer. Ils sont aussi conseill\u00e9s chez les enfants qui pourront rester dans leur environnement et profiter, malgr\u00e9 tout, d&rsquo;un soin \u00e0 distance.<\/p>\n\n\n\n<h4 class=\"has-text-color wp-block-heading\" id=\"block-afced720-5da1-4ae5-86d1-283afa83c580\" style=\"color:#0a435c\"><strong>Comment se passe une s\u00e9ance \u00e0 distance ?<\/strong><\/h4>\n\n\n\n<p id=\"block-9e815583-0bd7-4b00-91c4-88637cdf2984\">Tout d&rsquo;abord, nous prenons rendez-vous afin de d\u00e9terminer un moment o\u00f9 vous serez disponible pour recevoir l&rsquo;\u00e9nergie. Au d\u00e9but de la s\u00e9ance, nous \u00e9changeons par t\u00e9l\u00e9phone pour que vous puissiez vous confiez. Ensuite, je fais la s\u00e9ance \u00e0 distance, comme si vous \u00e9tiez pr\u00e8s de moi. Et \u00e0 la fin, je vous rappelle pour faire un petit bilan.<\/p>\n\n\n\n<p id=\"block-e0ecc3fa-02e6-4277-a621-c7627efe6bcb\">Vous pouvez prendre rendez-vous, soit par le site, soit en m&rsquo;appelant directement.<\/p>\n\n\n\n<p id=\"block-7e24208d-2fdc-4cd3-8d56-628d801c8526\"><\/p>\n","protected":false},"excerpt":{"rendered":"<p>Le Reiki et les soins \u00e9nerg\u00e9tiques sont des traitements pour lesquels le patient et le praticien n\u2019ont pas besoin de se trouver dans la m\u00eame pi\u00e8ce. C\u2019est pour cette raison qu\u2019on parle de Reiki, de soins, \u00e0 distance. Le praticien, sans \u00eatre dans la m\u00eame pi\u00e8ce que le patient, met \u00e0 sa disposition l\u2019\u00e9nergie dont il a besoin. Les soins \u00e0 distance sont destin\u00e9s aux personnes qui ne vont pas pouvoir se d\u00e9placer. Ils sont &hellip; <\/p>\n","protected":false},"author":1,"featured_media":0,"parent":0,"menu_order":0,"comment_status":"closed","ping_status":"closed","template":"","meta":{"footnotes":""},"class_list":["post-368","page","type-page","status-publish","hentry"],"_links":{"self":[{"href":"https:\/\/reiki73.fr\/index.php\/wp-json\/wp\/v2\/pages\/368","targetHints":{"allow":["GET"]}}],"collection":[{"href":"https:\/\/reiki73.fr\/index.php\/wp-json\/wp\/v2\/pages"}],"about":[{"href":"https:\/\/reiki73.fr\/index.php\/wp-json\/wp\/v2\/types\/page"}],"author":[{"embeddable":true,"href":"https:\/\/reiki73.fr\/index.php\/wp-json\/wp\/v2\/users\/1"}],"replies":[{"embeddable":true,"href":"https:\/\/reiki73.fr\/index.php\/wp-json\/wp\/v2\/comments?post=368"}],"version-history":[{"count":5,"href":"https:\/\/reiki73.fr\/index.php\/wp-json\/wp\/v2\/pages\/368\/revisions"}],"predecessor-version":[{"id":895,"href":"https:\/\/reiki73.fr\/index.php\/wp-json\/wp\/v2\/pages\/368\/revisions\/895"}],"wp:attachment":[{"href":"https:\/\/reiki73.fr\/index.php\/wp-json\/wp\/v2\/media?parent=368"}],"curies":[{"name":"wp","href":"https:\/\/api.w.org\/{rel}","templated":true}]}}