{"id":19,"date":"2020-02-10T23:08:44","date_gmt":"2020-02-10T22:08:44","guid":{"rendered":"http:\/\/reiki73.fr\/?page_id=19"},"modified":"2024-10-05T17:03:05","modified_gmt":"2024-10-05T15:03:05","slug":"accueil","status":"publish","type":"page","link":"https:\/\/reiki73.fr\/","title":{"rendered":"Accueil"},"content":{"rendered":"\n<p class=\"has-text-align-center\">Pour d\u00e9couvrir le site<\/p>\n\n\n\n<p class=\"has-text-align-center\"><strong>Etre &amp; bien-\u00eatre d&rsquo;Emeline Vayr<\/strong><\/p>\n\n\n\n<p class=\"has-text-align-center\">Veuillez cliquer sur le lien suivant<\/p>\n\n\n\n<p class=\"has-text-align-center\"><strong><a href=\"https:\/\/www.etreetbienetre.fr\/\">Etre &amp; bien-\u00eatre<\/a><\/strong><\/p>\n\n\n<div class=\"wp-block-image\">\n<figure class=\"aligncenter size-full is-resized\"><a href=\"https:\/\/www.etreetbienetre.fr\/\"><img loading=\"lazy\" decoding=\"async\" width=\"500\" height=\"500\" src=\"https:\/\/reiki73.fr\/wp-content\/uploads\/2024\/10\/logo-1.png\" alt=\"\" class=\"wp-image-1723\" style=\"width:207px;height:auto\" srcset=\"https:\/\/reiki73.fr\/wp-content\/uploads\/2024\/10\/logo-1.png 500w, https:\/\/reiki73.fr\/wp-content\/uploads\/2024\/10\/logo-1-300x300.png 300w, https:\/\/reiki73.fr\/wp-content\/uploads\/2024\/10\/logo-1-150x150.png 150w, https:\/\/reiki73.fr\/wp-content\/uploads\/2024\/10\/logo-1-435x435.png 435w, https:\/\/reiki73.fr\/wp-content\/uploads\/2024\/10\/logo-1-60x60.png 60w\" sizes=\"auto, (max-width: 500px) 100vw, 500px\" \/><\/a><\/figure>\n<\/div>\n\n\n<p><\/p>\n","protected":false},"excerpt":{"rendered":"<p>Pour d\u00e9couvrir le site Etre &amp; bien-\u00eatre d&rsquo;Emeline Vayr Veuillez cliquer sur le lien suivant Etre &amp; bien-\u00eatre<\/p>\n","protected":false},"author":1,"featured_media":0,"parent":0,"menu_order":1,"comment_status":"closed","ping_status":"closed","template":"","meta":{"footnotes":""},"class_list":["post-19","page","type-page","status-publish","hentry"],"_links":{"self":[{"href":"https:\/\/reiki73.fr\/index.php\/wp-json\/wp\/v2\/pages\/19","targetHints":{"allow":["GET"]}}],"collection":[{"href":"https:\/\/reiki73.fr\/index.php\/wp-json\/wp\/v2\/pages"}],"about":[{"href":"https:\/\/reiki73.fr\/index.php\/wp-json\/wp\/v2\/types\/page"}],"author":[{"embeddable":true,"href":"https:\/\/reiki73.fr\/index.php\/wp-json\/wp\/v2\/users\/1"}],"replies":[{"embeddable":true,"href":"https:\/\/reiki73.fr\/index.php\/wp-json\/wp\/v2\/comments?post=19"}],"version-history":[{"count":144,"href":"https:\/\/reiki73.fr\/index.php\/wp-json\/wp\/v2\/pages\/19\/revisions"}],"predecessor-version":[{"id":1724,"href":"https:\/\/reiki73.fr\/index.php\/wp-json\/wp\/v2\/pages\/19\/revisions\/1724"}],"wp:attachment":[{"href":"https:\/\/reiki73.fr\/index.php\/wp-json\/wp\/v2\/media?parent=19"}],"curies":[{"name":"wp","href":"https:\/\/api.w.org\/{rel}","templated":true}]}}